{"id":1746,"date":"2021-11-10T13:43:24","date_gmt":"2021-11-10T12:43:24","guid":{"rendered":"https:\/\/fachtierarzt-koenig.de\/?page_id=1746"},"modified":"2021-11-10T13:49:34","modified_gmt":"2021-11-10T12:49:34","slug":"owners-consent","status":"publish","type":"page","link":"https:\/\/fachtierarzt-koenig.de\/en\/owners-consent\/","title":{"rendered":"Owners consent"},"content":{"rendered":"<p>[et_pb_section fb_built=&#8221;1&#8243; _builder_version=&#8221;3.22.3&#8243; global_colors_info=&#8221;{}&#8221;][et_pb_row _builder_version=&#8221;3.25&#8243; background_size=&#8221;initial&#8221; background_position=&#8221;top_left&#8221; background_repeat=&#8221;repeat&#8221; max_width=&#8221;800px&#8221; global_colors_info=&#8221;{}&#8221;][et_pb_column type=&#8221;4_4&#8243; _builder_version=&#8221;3.25&#8243; custom_padding=&#8221;|||&#8221; global_colors_info=&#8221;{}&#8221; custom_padding__hover=&#8221;|||&#8221;][et_pb_text _builder_version=&#8221;4.13.0&#8243; background_size=&#8221;initial&#8221; background_position=&#8221;top_left&#8221; background_repeat=&#8221;repeat&#8221; hover_enabled=&#8221;0&#8243; global_colors_info=&#8221;{}&#8221; sticky_enabled=&#8221;0&#8243;]<\/p>\n<h2 style=\"text-align: center;\">OWNERS CONSENT<\/h2>\n<h2 style=\"text-align: center;\">FACHTIERARZT F\u00dcR KLEINTIERE<\/h2>\n<h2 style=\"text-align: center;\">FLORIAN K\u00d6NIG<\/h2>\n<p style=\"text-align: center;\">We are not permitted to treat your animal without your signature!<br \/>(EU-Datenschutz-Grundverordnung &#8211; DSGVO)<\/p>\n<h3 style=\"text-align: center;\">Consent agreement with owner of animal:<\/h3>\n<p>&nbsp;<\/p>\n<ul>\n<li>The owner declares consent that Dr. K\u00f6nig and his staff can register name, address, telephone- or cellphonenumber, email and birthdate to guarantee professional treatment. \uf06c<\/li>\n<li>The owner declares consent that Dr. K\u00f6nig and his staff by using their professional discretion can release his\/her personal data to third parties involved in the treatment of his\/her animal. This also applies to the agency to collect the outstanding payments (Tier\u00e4rztliche Verrechnungsstelle NRW e.V. (TVS) in M\u00fcnster).<\/li>\n<li>The owner concedes to the following: Dr. K\u00f6nig may keep his\/her data longer than 10 years for archive, scientific and legal purposes. \uf06c<\/li>\n<li>The owner further agrees that his\/her data can be used if his\/her animal has a disease which can be transferred to humans. \uf06c<\/li>\n<li>The owner agrees that his\/her data can be stored at Firma VetZ, Sattlerstr. 40 in Isernhagen, Germany. Other recipients are Laboratories, Pathologists, University Institutes, Banks and Accountants. The owner agrees further that in very rare circumstances examinations can be ordered in other European countries or the United States. \uf06c<\/li>\n<li>The owner agrees to receive reminding notices on vaccination. \uf06c<\/li>\n<li>The owner agrees that all his\/her data can be transferred to the buyer if Dr. K\u00f6nig sells his practice. This is valid for any buyer, independently of his\/her name.<\/li>\n<li>Dr. K\u00f6nig and his staff assume no liability if owner-data is tracked during e-mail-transmission, e.g. with his\/her vet, and would then be viewed by third parties. \uf06c<\/li>\n<li>Our Website (neurovet.de and fachtierarzt-koenig.de) uses a Cookie for language installation. This is not sufficient to check on users and identify them. We do not follow users! \uf06c<\/li>\n<li>The owner has the right to check on his\/her personal data to see who received it and how it was used.<\/li>\n<li>The owner is allowed to complain data problems to the supervisory authority (i.e. Datenschutzamt). \uf06c<\/li>\n<li>The owner has the right to cancel his\/her data any time. In doing so we are responsible to notify third parties that his\/her information was revoked. Cancelling basic data, like address, is not possible, as long as professional and legal purposes make storage of this data necessary for a longer time. \u00a0 \uf06c<\/li>\n<li>The owner declares having understood the details of this contract.<\/li>\n<\/ul>\n<p>&nbsp;<\/p>\n<p>Responsible: <br \/>Dr. Florian K\u00f6nig, Am Berggewann 13, 65199 Wiesbaden <br \/>Tel. 0611\/ 42 22 50 <br \/>e-mail: fk@neurovet.de<\/p>\n<p>[\/et_pb_text][\/et_pb_column][\/et_pb_row][\/et_pb_section]<\/p>\n","protected":false},"excerpt":{"rendered":"<p>OWNERS CONSENT FACHTIERARZT F\u00dcR KLEINTIERE FLORIAN K\u00d6NIG We are not permitted to treat your animal without your signature!(EU-Datenschutz-Grundverordnung &#8211; DSGVO) Consent agreement with owner of animal: &nbsp; The owner declares consent that Dr. K\u00f6nig and his staff can register name, address, telephone- or cellphonenumber, email and birthdate to guarantee professional treatment. \uf06c The owner declares [&hellip;]<\/p>\n","protected":false},"author":7,"featured_media":0,"parent":0,"menu_order":0,"comment_status":"closed","ping_status":"closed","template":"","meta":{"_et_pb_use_builder":"on","_et_pb_old_content":"[et_pb_section fb_built=\"1\" _builder_version=\"3.22.3\" global_colors_info=\"{}\"][et_pb_row _builder_version=\"3.25\" background_size=\"initial\" background_position=\"top_left\" background_repeat=\"repeat\" max_width=\"800px\" global_colors_info=\"{}\"][et_pb_column type=\"4_4\" _builder_version=\"3.25\" custom_padding=\"|||\" global_colors_info=\"{}\" custom_padding__hover=\"|||\"][et_pb_text _builder_version=\"4.9.11\" background_size=\"initial\" background_position=\"top_left\" background_repeat=\"repeat\" hover_enabled=\"0\" global_colors_info=\"{}\" sticky_enabled=\"0\"]\n<h1 style=\"text-align: center;\">BEHANDLUNGSVERTRAG<\/h1>\n<h3 style=\"text-align: center;\">FACHTIERARZT F\u00dcR KLEINTIERE<\/h3>\n<h3 style=\"text-align: center;\">FLORIAN K\u00d6NIG<\/h3>\n&nbsp;\n<p style=\"text-align: center;\">Der von uns gew\u00e4hlte Gesetzgeber hat die Behandlung Ihres Tieres grunds\u00e4tzlich\nan Ihre schriftliche Einwilligung zur Datenverarbeitung gebunden!\n(EU-Datenschutz-Grundverordnung - DSGVO)\nWir d\u00fcrfen Ihr Tier ohne Ihre Unterschrift nicht mehr behandeln!<\/p>\n<p style=\"text-align: center;\"><\/p>\n\n<h3>Einwilligungserkl\u00e4rung\/Behandlungsvertrag mit Ihnen als Tierhalter:<\/h3>\n&nbsp;\n<ul>\n \t<li>Der Tierhalter erkl\u00e4rt sich einverstanden, dass Dr. K\u00f6nig oder seine Mitarbeiter neben seinen Grunddaten (Name, Anschrift, Telefonnummer) seine E-Mail-Adresse und Geburtsdatum in der Patientenkartei hinterlegen, um eine professionelle Betreuung zu erleichtern und den Untersuchungs- und Behandlungsvertrag reibungslos zu erm\u00f6glichen.<\/li>\n \t<li>Der Tierhalter entbindet Dr. K\u00f6nig und seine Mitarbeiter von der Schweigepflicht und willigt in die \u00dcbermittlung seiner Daten an sowie deren Verarbeitung und Speicherung durch Dritte ein, soweit es f\u00fcr das Praxismanagement, das Gesundheitsmanagement und die medizinische Versorgung seines Tieres vonn\u00f6ten ist. Dies gilt auch f\u00fcr die Abtretung von Honorarforderungen an die Tier\u00e4rztliche Verrechnungsstelle NRW e.V. (TVS) in M\u00fcnster, die f\u00fcr die Praxis ausstehende Zahlungen durchsetzt.<\/li>\n \t<li>Der Tierhalter willigt auch in die Weiterverarbeitung von Daten ein, wenn bei seinem Tier eine Krankheit festgestellt wird, die wom\u00f6glich zwischen Tier und Mensch \u00fcbertragbar ist.<\/li>\n \t<li>Der Tierhalter ist grunds\u00e4tzlich damit einverstanden, dass seine Daten von Dr. K\u00f6nig l\u00e4nger als 10 Jahre zu Archivzwecken, wissenschaftlichen Zwecken und zur Geltendmachung, Aus\u00fcbung oder Verteidigung von Rechtsanspr\u00fcchen gespeichert und ggf. weiterverarbeitet werden.<\/li>\n \t<li>Der Tierhalter stimmt zu, dass seine Daten auf einem externen Server der Firma VetZ, Sattlerstr. 40 in Isernhagen, Deutschland, gespeichert werden. Weitere Empf\u00e4nger d\u00fcrfen im Rahmen einer Behandlung z.B. Labors, Pathologen, Universit\u00e4tsinstitute, \u00dcberweisungspraxen, Tierregister, die Verrechnungsstelle (TVS), Banken, electronic-cash Dienstleister und ein Steuerberater sein. Dem Tierhalter ist bewusst und er stimmt zu, dass in sehr seltenen F\u00e4llen Institute im europ\u00e4ischen Ausland oder den USA mit Untersuchungen beauftragt werden d\u00fcrfen.<\/li>\n \t<li>Der Tierhalter willigt in die Zusendung von Impferinnerungen ein.<\/li>\n \t<li>Der Tierhalter willigt ein, dass alle seine Daten auch im Rahmen einer Nachfolgeregelung bei Praxis\u00fcbergabe bestimmungsgem\u00e4\u00df weitergenutzt werden d\u00fcrfen. Der Name des Praxiserwerbers ist dabei f\u00fcr ihn nicht entscheidend.<\/li>\n \t<li>Der behandelnde Tierarzt und seine Mitarbeiter k\u00f6nnen keine Haftung \u00fcbernehmen, wenn ihre Daten bei einem E-Mail-Verkehr, z.B. mit ihrem Tierarzt, abgegriffen und so von Dritten eingesehen werden k\u00f6nnen.<\/li>\n \t<li>Unsere Internetseiten (neurovet.de und fachtierarzt-koenig.de) setzen einen Cookie zum Speichern der Sprach-Einstellung. Dies reicht jedoch nicht, um Nutzer zu identifizieren oder nachzuverfolgen. Wir verfolgen Sie als Nutzer nicht nach!<\/li>\n \t<li>Sie haben ein umfassendes Auskunftsrecht \u00fcber Ihre personenbezogenen Daten, die Verarbeitungszwecke sowie die Empf\u00e4nger Ihrer Daten und k\u00f6nnen auch Daten berichtigen lassen. Dar\u00fcber hinaus haben Sie ein Beschwerderecht gegen\u00fcber Aufsichtsbeh\u00f6rden (z.B. Datenschutzamt).<\/li>\n \t<li>Sie k\u00f6nnen die erteilte Einwilligung jederzeit widerrufen und haben danach das Recht, Ihre weitergehenden Daten (z.B. Geburtsdatum) l\u00f6schen zu lassen. Eine L\u00f6schung Ihrer Grunddaten kann hingegen nicht verlangt werden, sofern dieser berufs- und sonstige rechtliche Pflichten zur Dokumentation und Aufbewahrung entgegenstehen. Ein solcher Widerruf hat zur Folge, dass wir verpflichtet sind, Dritte, an die diese Daten weitergegeben wurden, hiervon in Kenntnis zu setzen.<\/li>\n \t<li>Der Tierhalter erkl\u00e4rt, er habe s\u00e4mtliche Punkte der Erkl\u00e4rung\/des Vertrages verstanden.<\/li>\n<\/ul>\n<strong>Verantwortlich:<\/strong>\n\nDr. Florian K\u00f6nig,\nAm Berggewann 13,\n65199 Wiesbaden\nTel. 0611\/ 42 22 50\n\ne-mail: <a href=\"mailto:fk@neurovet.de[:en]\">fk@neurovet.de<\/a>\n\n[\/et_pb_text][\/et_pb_column][\/et_pb_row][\/et_pb_section]","_et_gb_content_width":"","footnotes":""},"class_list":["post-1746","page","type-page","status-publish","hentry"],"_links":{"self":[{"href":"https:\/\/fachtierarzt-koenig.de\/en\/wp-json\/wp\/v2\/pages\/1746","targetHints":{"allow":["GET"]}}],"collection":[{"href":"https:\/\/fachtierarzt-koenig.de\/en\/wp-json\/wp\/v2\/pages"}],"about":[{"href":"https:\/\/fachtierarzt-koenig.de\/en\/wp-json\/wp\/v2\/types\/page"}],"author":[{"embeddable":true,"href":"https:\/\/fachtierarzt-koenig.de\/en\/wp-json\/wp\/v2\/users\/7"}],"replies":[{"embeddable":true,"href":"https:\/\/fachtierarzt-koenig.de\/en\/wp-json\/wp\/v2\/comments?post=1746"}],"version-history":[{"count":3,"href":"https:\/\/fachtierarzt-koenig.de\/en\/wp-json\/wp\/v2\/pages\/1746\/revisions"}],"predecessor-version":[{"id":1750,"href":"https:\/\/fachtierarzt-koenig.de\/en\/wp-json\/wp\/v2\/pages\/1746\/revisions\/1750"}],"wp:attachment":[{"href":"https:\/\/fachtierarzt-koenig.de\/en\/wp-json\/wp\/v2\/media?parent=1746"}],"curies":[{"name":"wp","href":"https:\/\/api.w.org\/{rel}","templated":true}]}}