{"id":1398,"date":"2016-05-16T21:43:27","date_gmt":"2016-05-16T19:43:27","guid":{"rendered":"https:\/\/fachtierarzt-koenig.de\/?page_id=1398"},"modified":"2025-12-02T10:17:15","modified_gmt":"2025-12-02T09:17:15","slug":"impressum","status":"publish","type":"page","link":"https:\/\/fachtierarzt-koenig.de\/en\/impressum\/","title":{"rendered":"Impressum"},"content":{"rendered":"<p>[et_pb_section fb_built=&#8221;1&#8243; _builder_version=&#8221;4.16&#8243; global_colors_info=&#8221;{}&#8221;][et_pb_row _builder_version=&#8221;4.16&#8243; background_size=&#8221;initial&#8221; background_position=&#8221;top_left&#8221; background_repeat=&#8221;repeat&#8221; max_width=&#8221;800px&#8221; global_colors_info=&#8221;{}&#8221;][et_pb_column type=&#8221;4_4&#8243; _builder_version=&#8221;4.16&#8243; custom_padding=&#8221;|||&#8221; global_colors_info=&#8221;{}&#8221; custom_padding__hover=&#8221;|||&#8221;][et_pb_text _builder_version=&#8221;4.16&#8243; background_size=&#8221;initial&#8221; background_position=&#8221;top_left&#8221; background_repeat=&#8221;repeat&#8221; global_colors_info=&#8221;{}&#8221;]<\/p>\n<h2>Impressum<\/h2>\n<p>Verantwortlich f\u00fcr die Inhalte der Internetpr\u00e4senz:<\/p>\n<p>Neurovet GmbH<br \/>Am Berggewann 13<br \/>65199 Wiesbaden<br \/>Gesch\u00e4ftsf\u00fchrer: Dr. Florian K\u00f6nig<\/p>\n<p>Tel. 0611\u2013422 250<br \/>Fax 0611\u2013429 619 0<\/p>\n<p>e-Mail: fk@neurovet.de<br \/>Internet: www.neurovet.de ; www.fachtierarzt-koenig.de<\/p>\n<p>Zus. Pflichtabgaben laut Telemediengesetz:<br \/>Dr. Florian K\u00f6nig f\u00fchrt die gesetzliche Berufsbezeichnung Fachtierarzt; diese wurde ihm in Deutschland verliehen. Dr. Florian K\u00f6nig ist Mitglied der Tier\u00e4rztekammer Hessen und es gilt f\u00fcr ihn die Berufsordnung der Landestier\u00e4rztekammer Hessen.<\/p>\n<p>Inhaltlich Verantwortlicher gem\u00e4\u00df \u00a7 5 TMG: Dr. Florian K\u00f6nig<\/p>\n<p>Tier\u00e4rztliche Pr\u00fcfung: 4.7.1986<br \/>Approbation Universit\u00e4t Gie\u00dfen: 11.7.1986<br \/>Promotion: 29.3.1989<br \/>Fachtierarzt Kleintiere (Tier\u00e4rztekammer Rheinland Pfalz): 16.2.1993<br \/>Praxis mit \u00dcberweisungst\u00e4tigkeit in Wiesbaden seit 1994<br \/>Seit 20 Jahren Spezialgebiet Neurologie<br \/>Mitglied der European Society of Veterinary Neurology<br \/>USt.-IdNr:. DE165618776<br \/>Berufshaftpflicht Barmenia Vers.Nr.: 0107\/06 866 500 K 30<\/p>\n<p>[\/et_pb_text][\/et_pb_column][\/et_pb_row][\/et_pb_section]<\/p>\n","protected":false},"excerpt":{"rendered":"<p>Impressum Verantwortlich f\u00fcr die Inhalte der Internetpr\u00e4senz: Neurovet GmbHAm Berggewann 1365199 WiesbadenGesch\u00e4ftsf\u00fchrer: Dr. Florian K\u00f6nig Tel. 0611\u2013422 250Fax 0611\u2013429 619 0 e-Mail: fk@neurovet.deInternet: www.neurovet.de ; www.fachtierarzt-koenig.de Zus. Pflichtabgaben laut Telemediengesetz:Dr. Florian K\u00f6nig f\u00fchrt die gesetzliche Berufsbezeichnung Fachtierarzt; diese wurde ihm in Deutschland verliehen. Dr. Florian K\u00f6nig ist Mitglied der Tier\u00e4rztekammer Hessen und es gilt f\u00fcr [&hellip;]<\/p>\n","protected":false},"author":5,"featured_media":0,"parent":0,"menu_order":0,"comment_status":"closed","ping_status":"closed","template":"","meta":{"_et_pb_use_builder":"on","_et_pb_old_content":"<h2>Impressum<\/h2>\nVerantwortlich f\u00fcr die Inhalte der Internetpr\u00e4senz:\n\nFachtierarzt f\u00fcr Kleintiere\nDr. Florian K\u00f6nig\nAm Berggewann 13\n65199 Wiesbaden-Dotzheim\n\nTel. 0611 \u2013 422 250\nFax 0611 \u2013 429 619 0\n\ne-Mail: fk@neurovet.de\nInternet: www.neurovet.de ; www.fachtierarzt-koenig.de\n\nZus. Pflichtabgaben laut Telemediengesetz:\nDr. Florian K\u00f6nig f\u00fchrt die gesetzliche Berufsbezeichnung Fachtierarzt; diese wurde ihm in Deutschland verliehen. Dr. Florian K\u00f6nig ist Mitglied der Tier\u00e4rztekammer Hessen und es gilt f\u00fcr ihn die Berufsordnung der Landestier\u00e4rztekammer Hessen.\n\nInhaltlich Verantwortlicher gem\u00e4\u00df \u00a7 5 TMG: Dr. Florian K\u00f6nig\n\nTier\u00e4rztliche Pr\u00fcfung: 4.7.1986\nApprobation Universit\u00e4t Gie\u00dfen: 11.7.1986\nPromotion: 29.3.1989\nFachtierarzt Kleintiere (Tier\u00e4rztekammer Rheinland Pfalz): 16.2.1993\nPraxis mit \u00dcberweisungst\u00e4tigkeit in Wiesbaden seit 1994\nSeit 20 Jahren Spezialgebiet Neurologie\nMitglied der European Society of Veterinary Neurology\nUSt.-IdNr:. DE165618776\nBerufshaftpflicht Barmenia Vers.Nr.: 0107\/06 866 500 K 30","_et_gb_content_width":"","footnotes":""},"class_list":["post-1398","page","type-page","status-publish","hentry"],"_links":{"self":[{"href":"https:\/\/fachtierarzt-koenig.de\/en\/wp-json\/wp\/v2\/pages\/1398","targetHints":{"allow":["GET"]}}],"collection":[{"href":"https:\/\/fachtierarzt-koenig.de\/en\/wp-json\/wp\/v2\/pages"}],"about":[{"href":"https:\/\/fachtierarzt-koenig.de\/en\/wp-json\/wp\/v2\/types\/page"}],"author":[{"embeddable":true,"href":"https:\/\/fachtierarzt-koenig.de\/en\/wp-json\/wp\/v2\/users\/5"}],"replies":[{"embeddable":true,"href":"https:\/\/fachtierarzt-koenig.de\/en\/wp-json\/wp\/v2\/comments?post=1398"}],"version-history":[{"count":6,"href":"https:\/\/fachtierarzt-koenig.de\/en\/wp-json\/wp\/v2\/pages\/1398\/revisions"}],"predecessor-version":[{"id":2037,"href":"https:\/\/fachtierarzt-koenig.de\/en\/wp-json\/wp\/v2\/pages\/1398\/revisions\/2037"}],"wp:attachment":[{"href":"https:\/\/fachtierarzt-koenig.de\/en\/wp-json\/wp\/v2\/media?parent=1398"}],"curies":[{"name":"wp","href":"https:\/\/api.w.org\/{rel}","templated":true}]}}