{"id":1238,"date":"2018-08-06T15:05:03","date_gmt":"2018-08-06T13:05:03","guid":{"rendered":"https:\/\/fachtierarzt-koenig.de\/neurologie\/"},"modified":"2024-02-27T11:37:41","modified_gmt":"2024-02-27T10:37:41","slug":"neurologie","status":"publish","type":"page","link":"https:\/\/fachtierarzt-koenig.de\/en\/neurologie\/","title":{"rendered":"Neurologie"},"content":{"rendered":"<p>[et_pb_section fb_built=&#8221;1&#8243; _builder_version=&#8221;4.18.0&#8243; use_background_color_gradient=&#8221;on&#8221; background_color_gradient_stops=&#8221;rgba(17,17,17,0.53) 0%|rgba(30,30,30,0.37) 100%&#8221; background_color_gradient_overlays_image=&#8221;on&#8221; background_color_gradient_start=&#8221;rgba(17,17,17,0.53)&#8221; background_color_gradient_end=&#8221;rgba(30,30,30,0.37)&#8221; background_image=&#8221;https:\/\/fachtierarzt-koenig.de\/wp-content\/uploads\/IMG_8193-1.jpg&#8221; min_height=&#8221;700px&#8221; custom_margin=&#8221;||-73px|||&#8221; custom_padding=&#8221;104px|||||&#8221; global_colors_info=&#8221;{}&#8221;][et_pb_row _builder_version=&#8221;4.16&#8243; min_height=&#8221;214px&#8221; custom_margin=&#8221;|auto||132px||&#8221; custom_padding=&#8221;96px||17px|||&#8221; global_colors_info=&#8221;{}&#8221;][et_pb_column type=&#8221;4_4&#8243; _builder_version=&#8221;4.16&#8243; custom_padding=&#8221;|||&#8221; global_colors_info=&#8221;{}&#8221; custom_padding__hover=&#8221;|||&#8221;][et_pb_text _builder_version=&#8221;4.16&#8243; header_font=&#8221;Montserrat|600|||||||&#8221; header_text_align=&#8221;center&#8221; header_text_color=&#8221;#ffffff&#8221; header_font_size=&#8221;60px&#8221; max_width=&#8221;100%&#8221; custom_margin=&#8221;||2px|||&#8221; global_colors_info=&#8221;{}&#8221;]<\/p>\n<h1>NEUROLOGY<\/h1>\n<p>[\/et_pb_text][et_pb_divider color=&#8221;#ffffff&#8221; divider_weight=&#8221;2px&#8221; _builder_version=&#8221;4.16&#8243; width=&#8221;50%&#8221; module_alignment=&#8221;center&#8221; global_colors_info=&#8221;{}&#8221;][\/et_pb_divider][\/et_pb_column][\/et_pb_row][\/et_pb_section][et_pb_section fb_built=&#8221;1&#8243; _builder_version=&#8221;4.16&#8243; custom_margin=&#8221;10px|||||&#8221; global_colors_info=&#8221;{}&#8221;][et_pb_row use_custom_gutter=&#8221;on&#8221; _builder_version=&#8221;4.16&#8243; background_size=&#8221;initial&#8221; background_position=&#8221;top_left&#8221; background_repeat=&#8221;repeat&#8221; max_width=&#8221;800px&#8221; global_colors_info=&#8221;{}&#8221;][et_pb_column type=&#8221;4_4&#8243; _builder_version=&#8221;4.16&#8243; custom_padding=&#8221;|||&#8221; global_colors_info=&#8221;{}&#8221; custom_padding__hover=&#8221;|||&#8221;][et_pb_text _builder_version=&#8221;4.24.0&#8243; background_size=&#8221;initial&#8221; background_position=&#8221;top_left&#8221; background_repeat=&#8221;repeat&#8221; global_colors_info=&#8221;{}&#8221;]<\/p>\n<h2>Animal neurology<\/h2>\n<p><strong><a href=\"https:\/\/fachtierarzt-koenig.de\/de\/leistungen-der-tierarzt-praxis-dr-koenig\/#elektro\"><img loading=\"lazy\" decoding=\"async\" class=\"alignright wp-image-458 size-medium\" title=\"Elektrodiagnostik bei einem Hund\" src=\"https:\/\/fachtierarzt-koenig.de\/wp-content\/uploads\/ediag5-300x201.jpg\" alt=\"elektrodiagnostische Untersuchung eines Hundes durch Dr. Florian K\u00f6nig\" width=\"300\" height=\"201\" srcset=\"https:\/\/fachtierarzt-koenig.de\/wp-content\/uploads\/ediag5-300x201.jpg 300w, https:\/\/fachtierarzt-koenig.de\/wp-content\/uploads\/ediag5.jpg 481w\" sizes=\"(max-width: 300px) 100vw, 300px\" \/><\/a><\/strong><\/p>\n<p>I have been specializing in veterinary neurology for 28 years.<\/p>\n<p>Dogs and cats with seizures or paralysis therefore often come to my veterinary practice. The conditions are often chronic and require special attention, especially as dogs and cats only communicate to a limited extent. Experience is the key to correctly interpreting the symptoms of the disease.<\/p>\n<p>The treatment of neurological diseases in dogs and cats requires a thorough discussion of the preliminary report (anamnesis). I always take a lot of time for this.<\/p>\n<p>If the picture of the development of the disease is complete with all accompanying symptoms, the necessary diagnostic measures are discussed with you as the pet owner and carried out with your consent.<\/p>\n<p>Extensive diagnostic equipment is available in my veterinary practice for this purpose. Electrodiagnostics in particular can help to clarify many neurological diseases in dogs and cats. We can use this equipment to carry out hearing tests, eye tests, muscle function tests (EMG), nerve function tests (ENG) and brain wave measurements (EEG). My electrodiagnostic experience is based on 25 years of practice. The findings are correspondingly reliable &#8211; which benefits your patients.<\/p>\n<p>The treatment of neurological diseases is coordinated in close contact with you as the pet owner and adapted if necessary. Should a neurosurgical procedure be necessary (e.g. in the case of a slipped disc), an experienced surgical team is always available at my veterinary practice, which creates a calm environment for me through anesthetic management and appropriate assistance, which is necessary for these sometimes delicate procedures in order to be able to carry them out professionally and with the necessary calm.<\/p>\n<p>I involve you as the pet owner as much as possible in the care of dogs and cats after surgery. You will be instructed in physiotherapeutic procedures and techniques that can be carried out at home and the appropriate aftercare will be discussed regularly. We will remain in contact for as long as the healing process requires in order to restore normal neurological function to your dog or cat in the best case scenario.<\/p>\n<p>In the care of chronic diseases (such as epilepsy), after diagnosis and medication of your dog or cat, fine-tuning or adjustment of the treatment can also take place in the long-term course via communication with modern media, so that a visit to my veterinary practice is not always necessary.<\/p>\n<p>&nbsp;<\/p>\n<h3>Our neurological specialties in detail:<\/h3>\n<p><a href=\"https:\/\/fachtierarzt-koenig.de\/en\/leistungskatalog-tier-neurochirurgie\/\">Veterinary neurosurgery<\/a><\/p>\n<p>Epilepsy in animals<\/p>\n<p>Foraminal stenosis<\/p>\n<p>Paralysis<\/p>\n<p>Electrodiagnostics<\/p>\n<p>Physiotherapy<\/p>\n<p><a href=\"https:\/\/fachtierarzt-koenig.de\/de\/physiotherapie\/\"><\/a><\/p>\n<p>[\/et_pb_text][\/et_pb_column][\/et_pb_row][\/et_pb_section][et_pb_section fb_built=&#8221;1&#8243; _builder_version=&#8221;4.16&#8243; background_color=&#8221;rgba(27,127,193,0.15)&#8221; custom_padding=&#8221;30px||8px|||&#8221; global_colors_info=&#8221;{}&#8221;][et_pb_row _builder_version=&#8221;4.16&#8243; custom_margin=&#8221;-26px|auto||auto||&#8221; global_colors_info=&#8221;{}&#8221;][et_pb_column type=&#8221;4_4&#8243; _builder_version=&#8221;4.16&#8243; custom_padding=&#8221;|||&#8221; global_colors_info=&#8221;{}&#8221; custom_padding__hover=&#8221;|||&#8221;][et_pb_text _builder_version=&#8221;4.16&#8243; global_colors_info=&#8221;{}&#8221;]<\/p>\n<h3><a href=\"https:\/\/fachtierarzt-koenig.de\/wp-content\/uploads\/\u00dcberweisungsformular.docx\">\u00dcberweisungsformular<\/a><\/h3>\n<h3><a href=\"https:\/\/fachtierarzt-koenig.de\/de\/k-i-k-wiesbaden-fortbildung-fuer-tieraerzte\/\">K.i.K. Wiesbaden (Fortbildung f\u00fcr Tierarzte)<\/a><\/h3>\n<p>[\/et_pb_text][\/et_pb_column][\/et_pb_row][\/et_pb_section]<\/p>\n","protected":false},"excerpt":{"rendered":"<p>NEUROLOGYAnimal neurology I have been specializing in veterinary neurology for 28 years. Dogs and cats with seizures or paralysis therefore often come to my veterinary practice. The conditions are often chronic and require special attention, especially as dogs and cats only communicate to a limited extent. Experience is the key to correctly interpreting the symptoms [&hellip;]<\/p>\n","protected":false},"author":5,"featured_media":0,"parent":0,"menu_order":0,"comment_status":"closed","ping_status":"closed","template":"","meta":{"_et_pb_use_builder":"on","_et_pb_old_content":"[:de]\n<h2>Tier-Neurologie<\/h2>\n<h4><a href=\"https:\/\/fachtierarzt-koenig.de\/de\/leistungen-der-tierarzt-praxis-dr-koenig\/#elektro\"><img class=\"alignright wp-image-458 size-medium\" title=\"Elektrodiagnostik bei einem Hund\" src=\"https:\/\/fachtierarzt-koenig.de\/wp-content\/uploads\/ediag5-300x201.jpg\" alt=\"elektrodiagnostische Untersuchung eines Hundes durch Dr. Florian K\u00f6nig\" width=\"300\" height=\"201\"><\/a>Seit 28 Jahren befasse ich mich mit dem Spezialgebiet der tier\u00e4rztlichen Neurologie. Umfangreiches diagnostisches und neurochirurgisches Ger\u00e4t steht hierf\u00fcr im Dienste meiner Patienten.&nbsp;Gerade bei der <a href=\"https:\/\/fachtierarzt-koenig.de\/de\/leistungen-der-tierarzt-praxis-dr-koenig\/#elektro\">Elektrodiagnostik<\/a> (H\u00f6rtests, Sehtests, EMG, ENG, EEG) bei Tieren z\u00e4hlt nichts mehr als Erfahrung. Meine elektrodiagnostische Erfahrung gr\u00fcndet sich auf 25 Jahre Praxis. Entsprechend sicher sind die Befunde \u2013 was ihrem Patienten zu Gute kommt.<\/h4>\n<h2>Unsere neurologischen Fachgebiete im Einzelnen:<\/h2>\n<h4><a href=\"https:\/\/fachtierarzt-koenig.de\/de\/leistungskatalog-neurochirurgie\/\">Tier\u00e4rztliche Neurochirurgie<\/a><\/h4>\n<h4><a href=\"https:\/\/fachtierarzt-koenig.de\/de\/epilepsie\/\">Epilepsie bei Tieren<\/a><\/h4>\n<h4><a href=\"https:\/\/fachtierarzt-koenig.de\/de\/foramenstenose\/\">Foramenstenose<\/a><\/h4>\n<h4><a href=\"https:\/\/fachtierarzt-koenig.de\/de\/laehmungen-bei-tieren\/\">L\u00e4hmungen<\/a><\/h4>\n<h4><a href=\"https:\/\/fachtierarzt-koenig.de\/de\/elektrodiagnostik\/\">Elektrodiagnostik<\/a><\/h4>\n<h4><a href=\"https:\/\/fachtierarzt-koenig.de\/de\/physiotherapie\/\">Physiotherapie<\/a><\/h4>\n\n<hr>\n\n<h4><a href=\"https:\/\/fachtierarzt-koenig.de\/wp-content\/uploads\/\u00dcberweisungsformular.docx\">\u00dcberweisungsformular<\/a><\/h4>\n<h4><a href=\"https:\/\/fachtierarzt-koenig.de\/de\/k-i-k-wiesbaden-fortbildung-fuer-tieraerzte\/\">K.i.K. Wiesbaden (Fortbildung f\u00fcr Tierarzte)<\/a><\/h4>\n[:en]\" width=\"300\" height=\"201\" \/&gt;Seit 28 Jahren befasse ich mich mit dem Spezialgebiet der tier\u00e4rztlichen Neurologie. Umfangreiches diagnostisches und neurochirurgisches Ger\u00e4t steht hierf\u00fcr im Dienste meiner Patienten.&nbsp;Gerade bei der <a href=\"https:\/\/fachtierarzt-koenig.de\/de\/leistungen-der-tierarzt-praxis-dr-koenig\/#elektro\">Elektrodiagnostik<\/a> (H\u00f6rtests, Sehtests, EMG, ENG, EEG) bei Tieren z\u00e4hlt nichts mehr als Erfahrung. Meine elektrodiagnostische Erfahrung gr\u00fcndet sich auf 25 Jahre Praxis. Entsprechend sicher sind die Befunde \u2013 was ihrem Patienten zu Gute kommt.\n<h2>Unsere neurologischen Fachgebiete im Einzelnen:<\/h2>\n<h4><a href=\"https:\/\/fachtierarzt-koenig.de\/de\/leistungskatalog-neurochirurgie\/\">Tier\u00e4rztliche Neurochirurgie<\/a><\/h4>\n<h4><a href=\"https:\/\/fachtierarzt-koenig.de\/de\/epilepsie\/\">Epilepsie bei Tieren<\/a><\/h4>\n<h4><a href=\"https:\/\/fachtierarzt-koenig.de\/de\/foramenstenose\/\">Foramenstenose<\/a><\/h4>\n<h4><a href=\"https:\/\/fachtierarzt-koenig.de\/de\/laehmungen-bei-tieren\/\">L\u00e4hmungen<\/a><\/h4>\n<h4><a href=\"https:\/\/fachtierarzt-koenig.de\/de\/elektrodiagnostik\/\">Elektrodiagnostik<\/a><\/h4>\n<h4><a href=\"https:\/\/fachtierarzt-koenig.de\/de\/physiotherapie\/\">Physiotherapie<\/a><\/h4>\n\n<hr>\n\n<h4><a href=\"https:\/\/fachtierarzt-koenig.de\/wp-content\/uploads\/\u00dcberweisungsformular.docx\">\u00dcberweisungsformular<\/a><\/h4>\n<h4><a href=\"https:\/\/fachtierarzt-koenig.de\/de\/k-i-k-wiesbaden-fortbildung-fuer-tieraerzte\/\">K.i.K. Wiesbaden (Fortbildung f\u00fcr Tierarzte)<\/a><\/h4>\n[:]","_et_gb_content_width":"","footnotes":""},"class_list":["post-1238","page","type-page","status-publish","hentry"],"_links":{"self":[{"href":"https:\/\/fachtierarzt-koenig.de\/en\/wp-json\/wp\/v2\/pages\/1238","targetHints":{"allow":["GET"]}}],"collection":[{"href":"https:\/\/fachtierarzt-koenig.de\/en\/wp-json\/wp\/v2\/pages"}],"about":[{"href":"https:\/\/fachtierarzt-koenig.de\/en\/wp-json\/wp\/v2\/types\/page"}],"author":[{"embeddable":true,"href":"https:\/\/fachtierarzt-koenig.de\/en\/wp-json\/wp\/v2\/users\/5"}],"replies":[{"embeddable":true,"href":"https:\/\/fachtierarzt-koenig.de\/en\/wp-json\/wp\/v2\/comments?post=1238"}],"version-history":[{"count":14,"href":"https:\/\/fachtierarzt-koenig.de\/en\/wp-json\/wp\/v2\/pages\/1238\/revisions"}],"predecessor-version":[{"id":1919,"href":"https:\/\/fachtierarzt-koenig.de\/en\/wp-json\/wp\/v2\/pages\/1238\/revisions\/1919"}],"wp:attachment":[{"href":"https:\/\/fachtierarzt-koenig.de\/en\/wp-json\/wp\/v2\/media?parent=1238"}],"curies":[{"name":"wp","href":"https:\/\/api.w.org\/{rel}","templated":true}]}}