{"id":1217,"date":"2016-05-16T18:01:26","date_gmt":"2016-05-16T16:01:26","guid":{"rendered":"https:\/\/fachtierarzt-koenig.de\/news-and-friends\/"},"modified":"2020-11-13T22:51:40","modified_gmt":"2020-11-13T21:51:40","slug":"news-and-friends","status":"publish","type":"page","link":"https:\/\/fachtierarzt-koenig.de\/en\/news-and-friends\/","title":{"rendered":"News &#038; Friends"},"content":{"rendered":"<p>[et_pb_section fb_built=&#8221;1&#8243; _builder_version=&#8221;3.22.4&#8243; use_background_color_gradient=&#8221;on&#8221; background_color_gradient_start=&#8221;rgba(17,17,17,0.53)&#8221; background_color_gradient_end=&#8221;rgba(30,30,30,0.37)&#8221; background_color_gradient_overlays_image=&#8221;on&#8221; background_image=&#8221;https:\/\/fachtierarzt-koenig.de\/wp-content\/uploads\/Louis11.jpg&#8221; min_height=&#8221;500px&#8221; custom_margin=&#8221;||-73px|||&#8221; custom_padding=&#8221;83px|||||&#8221;][et_pb_row _builder_version=&#8221;3.25&#8243; min_height=&#8221;214px&#8221; custom_padding=&#8221;106px||17px|||&#8221;][et_pb_column type=&#8221;4_4&#8243; _builder_version=&#8221;3.25&#8243; custom_padding=&#8221;|||&#8221; custom_padding__hover=&#8221;|||&#8221;][et_pb_text _builder_version=&#8221;3.27.4&#8243; header_font=&#8221;Montserrat|600|||||||&#8221; header_text_align=&#8221;center&#8221; header_text_color=&#8221;#ffffff&#8221; header_font_size=&#8221;60px&#8221; max_width=&#8221;100%&#8221; custom_margin=&#8221;||2px|||&#8221;]<\/p>\n<h1>FRIENDS<\/h1>\n<p>[\/et_pb_text][et_pb_divider color=&#8221;#ffffff&#8221; divider_weight=&#8221;2px&#8221; _builder_version=&#8221;3.22.4&#8243; width=&#8221;50%&#8221; module_alignment=&#8221;center&#8221;][\/et_pb_divider][\/et_pb_column][\/et_pb_row][\/et_pb_section][et_pb_section fb_built=&#8221;1&#8243; _builder_version=&#8221;3.22.3&#8243;][et_pb_row _builder_version=&#8221;3.25&#8243; column_structure=&#8221;2_5,3_5&#8243;][et_pb_column type=&#8221;2_5&#8243; _builder_version=&#8221;3.25&#8243; custom_padding=&#8221;|||&#8221; custom_padding__hover=&#8221;|||&#8221;][et_pb_testimonial portrait_width=&#8221;93px&#8221; _builder_version=&#8221;3.22.4&#8243;]<\/p>\n<h3>Bonney-Lu<\/h3>\n<p><img loading=\"lazy\" decoding=\"async\" src=\"https:\/\/fachtierarzt-koenig.de\/wp-content\/uploads\/Bonney2.jpg\" alt=\"\" class=\"wp-image-361 alignnone size-full\" width=\"768\" height=\"750\" srcset=\"https:\/\/fachtierarzt-koenig.de\/wp-content\/uploads\/Bonney2.jpg 768w, https:\/\/fachtierarzt-koenig.de\/wp-content\/uploads\/Bonney2-300x293.jpg 300w\" sizes=\"(max-width: 768px) 100vw, 768px\" \/> <img loading=\"lazy\" decoding=\"async\" src=\"https:\/\/fachtierarzt-koenig.de\/wp-content\/uploads\/Bonney11.jpg\" alt=\"\" class=\"wp-image-362 alignnone size-full\" width=\"600\" height=\"1288\" srcset=\"https:\/\/fachtierarzt-koenig.de\/wp-content\/uploads\/Bonney11.jpg 600w, https:\/\/fachtierarzt-koenig.de\/wp-content\/uploads\/Bonney11-140x300.jpg 140w, https:\/\/fachtierarzt-koenig.de\/wp-content\/uploads\/Bonney11-477x1024.jpg 477w\" sizes=\"(max-width: 600px) 100vw, 600px\" \/>[\/et_pb_testimonial][et_pb_testimonial portrait_width=&#8221;93px&#8221; _builder_version=&#8221;3.22.4&#8243; custom_padding=&#8221;20px|||||&#8221;]<\/p>\n<h3>Louis<\/h3>\n<p class=\"p1\"><span class=\"s1\"><img loading=\"lazy\" decoding=\"async\" src=\"https:\/\/fachtierarzt-koenig.de\/wp-content\/uploads\/Louis11.jpg\" alt=\"\" class=\"wp-image-366 alignnone size-full\" width=\"1039\" height=\"661\" srcset=\"https:\/\/fachtierarzt-koenig.de\/wp-content\/uploads\/Louis11.jpg 1039w, https:\/\/fachtierarzt-koenig.de\/wp-content\/uploads\/Louis11-300x191.jpg 300w, https:\/\/fachtierarzt-koenig.de\/wp-content\/uploads\/Louis11-768x489.jpg 768w, https:\/\/fachtierarzt-koenig.de\/wp-content\/uploads\/Louis11-1024x651.jpg 1024w\" sizes=\"(max-width: 1039px) 100vw, 1039px\" \/> <img loading=\"lazy\" decoding=\"async\" src=\"https:\/\/fachtierarzt-koenig.de\/wp-content\/uploads\/Louis21.jpg\" alt=\"\" class=\"wp-image-367 alignnone size-full\" width=\"993\" height=\"1341\" srcset=\"https:\/\/fachtierarzt-koenig.de\/wp-content\/uploads\/Louis21.jpg 993w, https:\/\/fachtierarzt-koenig.de\/wp-content\/uploads\/Louis21-222x300.jpg 222w, https:\/\/fachtierarzt-koenig.de\/wp-content\/uploads\/Louis21-768x1037.jpg 768w, https:\/\/fachtierarzt-koenig.de\/wp-content\/uploads\/Louis21-758x1024.jpg 758w\" sizes=\"(max-width: 993px) 100vw, 993px\" \/><\/span><\/p>\n<p>[\/et_pb_testimonial][et_pb_testimonial portrait_width=&#8221;93px&#8221; _builder_version=&#8221;3.22.4&#8243; custom_padding=&#8221;20px|||||&#8221;]<\/p>\n<h3>Wolfi<\/h3>\n<p class=\"p1\"><span class=\"s1\"><img loading=\"lazy\" decoding=\"async\" src=\"https:\/\/fachtierarzt-koenig.de\/wp-content\/uploads\/00007778_00011068_Bild_2014_12_22_0000015428.jpg\" alt=\"\" class=\"wp-image-360 alignnone size-full\" width=\"1411\" height=\"1920\" srcset=\"https:\/\/fachtierarzt-koenig.de\/wp-content\/uploads\/00007778_00011068_Bild_2014_12_22_0000015428.jpg 1411w, https:\/\/fachtierarzt-koenig.de\/wp-content\/uploads\/00007778_00011068_Bild_2014_12_22_0000015428-220x300.jpg 220w, https:\/\/fachtierarzt-koenig.de\/wp-content\/uploads\/00007778_00011068_Bild_2014_12_22_0000015428-768x1045.jpg 768w, https:\/\/fachtierarzt-koenig.de\/wp-content\/uploads\/00007778_00011068_Bild_2014_12_22_0000015428-753x1024.jpg 753w\" sizes=\"(max-width: 1411px) 100vw, 1411px\" \/><\/span><\/p>\n<p class=\"p1\"><span class=\"s1\"><img loading=\"lazy\" decoding=\"async\" src=\"https:\/\/fachtierarzt-koenig.de\/wp-content\/uploads\/Kahlenberg2.jpg\" alt=\"\" class=\"wp-image-364 alignnone size-full\" width=\"960\" height=\"720\" srcset=\"https:\/\/fachtierarzt-koenig.de\/wp-content\/uploads\/Kahlenberg2.jpg 960w, https:\/\/fachtierarzt-koenig.de\/wp-content\/uploads\/Kahlenberg2-300x225.jpg 300w, https:\/\/fachtierarzt-koenig.de\/wp-content\/uploads\/Kahlenberg2-768x576.jpg 768w\" sizes=\"(max-width: 960px) 100vw, 960px\" \/><\/span><\/p>\n<p>[\/et_pb_testimonial][et_pb_image src=&#8221;https:\/\/fachtierarzt-koenig.de\/wp-content\/uploads\/Louis11.jpg&#8221; show_in_lightbox=&#8221;on&#8221; align_tablet=&#8221;center&#8221; align_last_edited=&#8221;on|desktop&#8221; _builder_version=&#8221;3.23&#8243;][\/et_pb_image][et_pb_image src=&#8221;https:\/\/fachtierarzt-koenig.de\/wp-content\/uploads\/Louis21.jpg&#8221; align_tablet=&#8221;center&#8221; align_last_edited=&#8221;on|desktop&#8221; _builder_version=&#8221;3.23&#8243;][\/et_pb_image][\/et_pb_column][et_pb_column type=&#8221;3_5&#8243; _builder_version=&#8221;3.25&#8243; custom_padding=&#8221;|||&#8221; custom_padding__hover=&#8221;|||&#8221;][et_pb_testimonial portrait_width=&#8221;93px&#8221; _builder_version=&#8221;3.22.4&#8243; custom_padding=&#8221;20px|||||&#8221;]<\/p>\n<h3>Patty La Belle<\/h3>\n<p>\u00a0<img loading=\"lazy\" decoding=\"async\" src=\"https:\/\/fachtierarzt-koenig.de\/wp-content\/uploads\/PattyLaBelle.jpg\" alt=\"\" class=\"wp-image-369 alignnone size-full\" width=\"1018\" height=\"678\" srcset=\"https:\/\/fachtierarzt-koenig.de\/wp-content\/uploads\/PattyLaBelle.jpg 1018w, https:\/\/fachtierarzt-koenig.de\/wp-content\/uploads\/PattyLaBelle-300x200.jpg 300w, https:\/\/fachtierarzt-koenig.de\/wp-content\/uploads\/PattyLaBelle-768x511.jpg 768w\" sizes=\"(max-width: 1018px) 100vw, 1018px\" \/><\/p>\n<p class=\"p1\"><span class=\"s1\">Hallo Herr Dr. K\u00f6nig,<br \/> ich bin durch Sie wieder gesund geworden, konnte dadurch einen wundersch\u00f6nen\u00a0 Urlaub am Superstrand in Holland verbringen und wurde sogar von einer sehr bekannten Fotografin f\u00fcr ein Fotoshooting gebucht\u00a0 \u2013 hat viel Spa\u00df gemacht. Ich werde im April f\u00fcnf Jahre alt und mir k\u00f6nnte es zur Zeit nicht besser gehen und daran haben Sie einen sehr gro\u00dfen Anteil \u2013 DANKE.<\/span><\/p>\n<p class=\"p1\"><span class=\"s1\">Ich w\u00fcnsche Ihnen und Ihrem Team f\u00fcr 2012 viel Gl\u00fcck, Erfolg und einen gro\u00dfen Sack voll Gesundheit.<br \/> Besondere Gr\u00fc\u00dfe an Frau Wolf.<\/span><\/p>\n<p class=\"p1\"><span class=\"s1\">Liebe Gr\u00fc\u00dfe<br \/> Patty La Belle<br \/> und von meinem Frauchen bzw. Herrchen<\/span><\/p>\n<p>[\/et_pb_testimonial][et_pb_testimonial portrait_width=&#8221;93px&#8221; _builder_version=&#8221;3.22.4&#8243; custom_padding=&#8221;20px|||||&#8221;]<\/p>\n<h3>Nanuk<\/h3>\n<p class=\"p1\"><span class=\"s1\"><img loading=\"lazy\" decoding=\"async\" src=\"https:\/\/fachtierarzt-koenig.de\/wp-content\/uploads\/Kahlenberg1.jpg\" alt=\"\" class=\"wp-image-363 alignnone size-full\" width=\"960\" height=\"720\" srcset=\"https:\/\/fachtierarzt-koenig.de\/wp-content\/uploads\/Kahlenberg1.jpg 960w, https:\/\/fachtierarzt-koenig.de\/wp-content\/uploads\/Kahlenberg1-300x225.jpg 300w, https:\/\/fachtierarzt-koenig.de\/wp-content\/uploads\/Kahlenberg1-768x576.jpg 768w\" sizes=\"(max-width: 960px) 100vw, 960px\" \/><\/span><\/p>\n<p>[\/et_pb_testimonial][et_pb_testimonial portrait_width=&#8221;93px&#8221; _builder_version=&#8221;3.22.4&#8243; custom_padding=&#8221;20px|||||&#8221;]<\/p>\n<h3>Rex &amp; Luna<\/h3>\n<p class=\"p1\"><span class=\"s1\"><img loading=\"lazy\" decoding=\"async\" src=\"https:\/\/fachtierarzt-koenig.de\/wp-content\/uploads\/Karte2-300x220.jpg\" alt=\"\" class=\"wp-image-365 alignnone size-full\" width=\"300\" height=\"220\" \/><\/span><\/p>\n<p>[\/et_pb_testimonial][et_pb_testimonial portrait_width=&#8221;93px&#8221; _builder_version=&#8221;3.22.4&#8243; custom_padding=&#8221;20px|||||&#8221;]<\/p>\n<h3>Leo<\/h3>\n<p><img loading=\"lazy\" decoding=\"async\" src=\"https:\/\/fachtierarzt-koenig.de\/wp-content\/uploads\/WEB1.jpg\" alt=\"\" class=\"wp-image-370 alignnone size-full\" width=\"1094\" height=\"738\" srcset=\"https:\/\/fachtierarzt-koenig.de\/wp-content\/uploads\/WEB1.jpg 1094w, https:\/\/fachtierarzt-koenig.de\/wp-content\/uploads\/WEB1-300x202.jpg 300w, https:\/\/fachtierarzt-koenig.de\/wp-content\/uploads\/WEB1-768x518.jpg 768w, https:\/\/fachtierarzt-koenig.de\/wp-content\/uploads\/WEB1-1024x691.jpg 1024w\" sizes=\"(max-width: 1094px) 100vw, 1094px\" \/> <img loading=\"lazy\" decoding=\"async\" src=\"https:\/\/fachtierarzt-koenig.de\/wp-content\/uploads\/WEB2.jpg\" alt=\"\" class=\"wp-image-371 alignnone size-full\" width=\"1148\" height=\"810\" srcset=\"https:\/\/fachtierarzt-koenig.de\/wp-content\/uploads\/WEB2.jpg 1148w, https:\/\/fachtierarzt-koenig.de\/wp-content\/uploads\/WEB2-300x212.jpg 300w, https:\/\/fachtierarzt-koenig.de\/wp-content\/uploads\/WEB2-768x542.jpg 768w, https:\/\/fachtierarzt-koenig.de\/wp-content\/uploads\/WEB2-1024x723.jpg 1024w\" sizes=\"(max-width: 1148px) 100vw, 1148px\" \/><\/p>\n<p>[\/et_pb_testimonial][et_pb_image src=&#8221;https:\/\/fachtierarzt-koenig.de\/wp-content\/uploads\/WEB1.jpg&#8221; show_in_lightbox=&#8221;on&#8221; align_tablet=&#8221;center&#8221; align_last_edited=&#8221;on|desktop&#8221; _builder_version=&#8221;3.23&#8243;][\/et_pb_image][et_pb_image src=&#8221;https:\/\/fachtierarzt-koenig.de\/wp-content\/uploads\/WEB2.jpg&#8221; align_tablet=&#8221;center&#8221; align_last_edited=&#8221;on|desktop&#8221; _builder_version=&#8221;3.23&#8243;][\/et_pb_image][\/et_pb_column][\/et_pb_row][\/et_pb_section]<\/p>\n","protected":false},"excerpt":{"rendered":"<p>FRIENDSBonney-Lu Louis Wolfi Patty La Belle \u00a0 Hallo Herr Dr. K\u00f6nig, ich bin durch Sie wieder gesund geworden, konnte dadurch einen wundersch\u00f6nen\u00a0 Urlaub am Superstrand in Holland verbringen und wurde sogar von einer sehr bekannten Fotografin f\u00fcr ein Fotoshooting gebucht\u00a0 \u2013 hat viel Spa\u00df gemacht. Ich werde im April f\u00fcnf Jahre alt und mir k\u00f6nnte [&hellip;]<\/p>\n","protected":false},"author":5,"featured_media":0,"parent":0,"menu_order":0,"comment_status":"closed","ping_status":"closed","template":"","meta":{"_et_pb_use_builder":"on","_et_pb_old_content":"[:de][pexblogposts pex_attr_title=\"Freunde\" pex_attr_cat=\"20\" pex_attr_layout=\"columns\" pex_attr_number=\"24\" pex_attr_columns=\"3\"][\/pexblogposts]\n\n&nbsp;[:en]We are glad to upload pictures and statements which You send us to this website. Please feel free to contact us.\n\n<a href=\"https:\/\/fachtierarzt-koenig.de\/wp-content\/uploads\/PattyLaBelle.jpg\"><img class=\"alignnone size-medium wp-image-369\" src=\"https:\/\/fachtierarzt-koenig.de\/wp-content\/uploads\/PattyLaBelle-300x200.jpg\" alt=\"pattylabelle\" width=\"300\" height=\"200\"><\/a>\n\n&nbsp;\n\nThanks for having a normal life again! Your help gave me back&nbsp;my health, thanks&nbsp;again and the best to You and Your team! Patty La Belle[:]","_et_gb_content_width":"","footnotes":""},"class_list":["post-1217","page","type-page","status-publish","hentry"],"_links":{"self":[{"href":"https:\/\/fachtierarzt-koenig.de\/en\/wp-json\/wp\/v2\/pages\/1217","targetHints":{"allow":["GET"]}}],"collection":[{"href":"https:\/\/fachtierarzt-koenig.de\/en\/wp-json\/wp\/v2\/pages"}],"about":[{"href":"https:\/\/fachtierarzt-koenig.de\/en\/wp-json\/wp\/v2\/types\/page"}],"author":[{"embeddable":true,"href":"https:\/\/fachtierarzt-koenig.de\/en\/wp-json\/wp\/v2\/users\/5"}],"replies":[{"embeddable":true,"href":"https:\/\/fachtierarzt-koenig.de\/en\/wp-json\/wp\/v2\/comments?post=1217"}],"version-history":[{"count":3,"href":"https:\/\/fachtierarzt-koenig.de\/en\/wp-json\/wp\/v2\/pages\/1217\/revisions"}],"predecessor-version":[{"id":1639,"href":"https:\/\/fachtierarzt-koenig.de\/en\/wp-json\/wp\/v2\/pages\/1217\/revisions\/1639"}],"wp:attachment":[{"href":"https:\/\/fachtierarzt-koenig.de\/en\/wp-json\/wp\/v2\/media?parent=1217"}],"curies":[{"name":"wp","href":"https:\/\/api.w.org\/{rel}","templated":true}]}}