{"id":1192,"date":"2016-05-16T18:08:03","date_gmt":"2016-05-16T16:08:03","guid":{"rendered":"https:\/\/fachtierarzt-koenig.de\/tierarzt-dr-florian-koenig\/"},"modified":"2019-04-26T17:01:04","modified_gmt":"2019-04-26T15:01:04","slug":"veterinarian-dr-florian-koenig","status":"publish","type":"page","link":"https:\/\/fachtierarzt-koenig.de\/en\/veterinarian-dr-florian-koenig\/","title":{"rendered":"Veterinarian Dr. Florian K\u00f6nig"},"content":{"rendered":"\n[et_pb_section fb_built=&#8221;1&#8243; disabled_on=&#8221;on|off|off&#8221; _builder_version=&#8221;3.22.4&#8243; background_image=&#8221;https:\/\/fachtierarzt-koenig.de\/wp-content\/uploads\/IMG_1723.jpg&#8221; min_height=&#8221;677px&#8221;][et_pb_row custom_padding=&#8221;139px|||||&#8221; _builder_version=&#8221;3.22.4&#8243; min_height=&#8221;214px&#8221;][et_pb_column type=&#8221;4_4&#8243; _builder_version=&#8221;3.22.4&#8243;][et_pb_text _builder_version=&#8221;3.22.4&#8243; header_font=&#8221;Montserrat|700|||||||&#8221; header_text_color=&#8221;#606060&#8243; header_font_size=&#8221;60px&#8221; max_width=&#8221;50%&#8221;]<p>VETERINARIAN<\/p>\n<h1>DR. FLORIAN K\u00d6NIG<\/h1>\n[\/et_pb_text][\/et_pb_column][\/et_pb_row][\/et_pb_section][et_pb_section fb_built=&#8221;1&#8243; disabled_on=&#8221;off|on|on&#8221; _builder_version=&#8221;3.22.4&#8243; custom_padding=&#8221;0px||0px|||&#8221;][et_pb_row custom_padding=&#8221;0px||0px|||&#8221; _builder_version=&#8221;3.22.4&#8243; width=&#8221;100%&#8221; max_width=&#8221;100%&#8221; module_alignment=&#8221;center&#8221; min_height=&#8221;346px&#8221;][et_pb_column type=&#8221;4_4&#8243; _builder_version=&#8221;3.22.4&#8243;][et_pb_image src=&#8221;https:\/\/fachtierarzt-koenig.de\/wp-content\/uploads\/IMG_1780-1-e1479228914695.jpg&#8221; _builder_version=&#8221;3.22.4&#8243;][\/et_pb_image][\/et_pb_column][\/et_pb_row][\/et_pb_section][et_pb_section fb_built=&#8221;1&#8243; admin_label=&#8221;section&#8221; _builder_version=&#8221;3.22.3&#8243; custom_padding=&#8221;41px|||||&#8221;][et_pb_row admin_label=&#8221;row&#8221; _builder_version=&#8221;3.22.4&#8243; background_size=&#8221;initial&#8221; background_position=&#8221;top_left&#8221; background_repeat=&#8221;repeat&#8221; max_width=&#8221;800px&#8221;][et_pb_column type=&#8221;4_4&#8243; _builder_version=&#8221;3.0.47&#8243;][et_pb_text admin_label=&#8221;Text&#8221; _builder_version=&#8221;3.22.4&#8243; background_size=&#8221;initial&#8221; background_position=&#8221;top_left&#8221; background_repeat=&#8221;repeat&#8221;]<h2>Dr. Florian K\u00f6nig<\/h2>\n<div class=\"page-wrapper\">\n<div id=\"content-container\" class=\" layout-full\">\n<div id=\"full-width\" class=\"content\">\n<div class=\"custom-page-content\">\n<div class=\"section-boxed\" id=\"section-1\">\n<p><strong>Veterinarian<\/strong><\/p>\n<p>Curriculum of Veterinary Medicine at the University of Giessen<\/p>\n<p>Academic Stations at Massey University and Onewa Rd. Referral Hospital, Auckland New Zealand,<br \/> Graduation at the University of Giessen \u00b489<br \/> Residency at Small Animal Clinic Dr. Sch\u00e4fer, Neuwied<br \/> Academic Stations at University of Knoxville, Tennessee USA und Veterinary Referral Associates Gaithersburg, Maryland USA<br \/> Residency at Small Animal Clinic Bunkhofen, Friedrichshafen<br \/> Specialization: Fachtierarzt f\u00fcr Kleintiere \u00b493<br \/> Launch of Private Practice \u2013 Am Berggewann 13 \u2013 Wiesbaden-Dotzheim \u00b494<br \/> Authorized Postgraduate Veterinary Training Facility \u00b494<br \/> Member of the European Society of Veterinary Neurology (ESVN)<br \/> 2006-2013 own postgraduate courses in continuing education for veterinarians in the Kurhaus Wiesbaden (KIK Wiesbaden)<br \/> 2018: Founding member Neurology Section of the National Veterinary Society Germany (DVG e.V.)<\/p>\n<p>Referee in numerous veterinary congresses<\/p>\n<\/div>\n<\/div>\n<\/div>\n<div class=\"clear\"><\/div>\n<\/div>\n<\/div>\n<footer id=\"footer\" class=\"center\">\n<div class=\"scroll-to-top\"><span><\/span><\/div>\n<div class=\"cols-wrapper footer-widgets section-boxed cols-3\"><\/div>\n<\/footer>\n<p>&nbsp;<\/p>\n[\/et_pb_text][\/et_pb_column][\/et_pb_row][\/et_pb_section]\n","protected":false},"excerpt":{"rendered":"<p>VETERINARIAN DR. FLORIAN K\u00d6NIG Dr. Florian K\u00f6nig Veterinarian Curriculum of Veterinary Medicine at the University of Giessen Academic Stations at Massey University and Onewa Rd. Referral Hospital, Auckland New Zealand, Graduation at the University of Giessen \u00b489 Residency at Small Animal Clinic Dr. Sch\u00e4fer, Neuwied Academic Stations at University of Knoxville, Tennessee USA und Veterinary [&hellip;]<\/p>\n","protected":false},"author":5,"featured_media":0,"parent":0,"menu_order":0,"comment_status":"closed","ping_status":"closed","template":"","meta":{"_et_pb_use_builder":"on","_et_pb_old_content":"[:de]Der Tierarzt Dr. Florian K\u00f6nig studierte Veterin\u00e4rmedizin an der Universit\u00e4t Gie\u00dfen. Nach Studienaufenthalten an der Massey University und dem Onewa Rd. Referral Hospital in Auckland, New Zealand, promovierte er 1989 an der Universit\u00e4t Gie\u00dfen und arbeitete danach als Assistent an der Kleintierklinik Dr. Sch\u00e4fer, Neuwied.\r\n\r\nStudienaufenthalte an der University of Knoxville, Tennessee USA und Veterinary Referral Associates Gaithersburg, Maryland USA schlossen sich an. Nach einer Assistenten-Stelle an der Kleintierklinik Bunkhofen, Friedrichshafen erwarb er 1993 die Berufsklassifikation <a href=\"http:\/\/www.ltk-hessen.de\/fileadmin\/www_ltk_hessen_de\/altbestand\/pdf\/rechtsgrundlagen\/weiterbildung\/Fachtierarzt\/08Kleintiere-05-16.pdf\">Fachtierarzt f\u00fcr Kleintiere<\/a>\r\n\r\n1993 folgte die Erm\u00e4chtigung zur Weiterbildung von Tier\u00e4rzten.\r\n\r\n1994 gr\u00fcndete er seine Tierarztpraxis in Wiesbaden Dotzheim.\r\n\r\nDr. K\u00f6nig ist Mitglied der<a href=\"https:\/\/www.ecvn.org\"> European Society of Veterinary Neurology (ESVN)<\/a>\r\n\r\nVon 2006-2013 hielt er eigene <a href=\"https:\/\/fachtierarzt-koenig.de\/de\/k-i-k-wiesbaden-fortbildung-fuer-tieraerzte\/\">Fortbildungsveranstaltung<\/a> Fortbildungsverabstaltungen f\u00fcr Tier\u00e4rzte im Kurhaus Wiesbaden ab (KiK Wiesbaden). Daneben hielt er zahlreiche Referate auf verschiedenen veterin\u00e4rmedizinischen Kongressen.\r\n\r\n2018 wurde er Gr\u00fcndungsmitglied der Arbeitsgruppe Neurologie der <a href=\"https:\/\/www.dvg.net\/index.php?id=2329\">Deutschen Veterin\u00e4rmedizinischen Gesellschaft<\/a> (DVG e.V.)[:en]<h1>Dr. Florian K\u00f6nig<\/h1>\r\n<strong>Veterinarian<\/strong>\r\n\r\nCurriculum of Veterinary Medicine at the University of Giessen\r\n\r\nAcademic Stations at Massey University and Onewa Rd. Referral Hospital, Auckland New Zealand,\r\nGraduation at the University of Giessen \u00b489\r\nResidency at Small Animal Clinic Dr. Sch\u00e4fer, Neuwied\r\nAcademic Stations at University of Knoxville, Tennessee USA und Veterinary Referral Associates Gaithersburg, Maryland USA\r\nResidency at Small Animal Clinic Bunkhofen, Friedrichshafen\r\nSpecialization: Fachtierarzt f\u00fcr Kleintiere \u00b493\r\nLaunch of Private Practice \u2013 Am Berggewann 13 \u2013 Wiesbaden-Dotzheim \u00b494\r\nAuthorized Postgraduate Veterinary Training Facility \u00b494\r\nMember of the European Society of Veterinary Neurology (ESVN)\r\n2006-2013 own postgraduate courses in continuing education for veterinarians in the Kurhaus Wiesbaden (KIK Wiesbaden)\r\n2018: Founding member Neurology Section of the National Veterinary Society Germany (DVG e.V.)\r\n\r\nReferee in numerous veterinary congresses[:]","_et_gb_content_width":"","footnotes":""},"class_list":["post-1192","page","type-page","status-publish","hentry"],"_links":{"self":[{"href":"https:\/\/fachtierarzt-koenig.de\/en\/wp-json\/wp\/v2\/pages\/1192","targetHints":{"allow":["GET"]}}],"collection":[{"href":"https:\/\/fachtierarzt-koenig.de\/en\/wp-json\/wp\/v2\/pages"}],"about":[{"href":"https:\/\/fachtierarzt-koenig.de\/en\/wp-json\/wp\/v2\/types\/page"}],"author":[{"embeddable":true,"href":"https:\/\/fachtierarzt-koenig.de\/en\/wp-json\/wp\/v2\/users\/5"}],"replies":[{"embeddable":true,"href":"https:\/\/fachtierarzt-koenig.de\/en\/wp-json\/wp\/v2\/comments?post=1192"}],"version-history":[{"count":17,"href":"https:\/\/fachtierarzt-koenig.de\/en\/wp-json\/wp\/v2\/pages\/1192\/revisions"}],"predecessor-version":[{"id":1409,"href":"https:\/\/fachtierarzt-koenig.de\/en\/wp-json\/wp\/v2\/pages\/1192\/revisions\/1409"}],"wp:attachment":[{"href":"https:\/\/fachtierarzt-koenig.de\/en\/wp-json\/wp\/v2\/media?parent=1192"}],"curies":[{"name":"wp","href":"https:\/\/api.w.org\/{rel}","templated":true}]}}